{"id":440,"date":"2026-02-03T14:14:17","date_gmt":"2026-02-03T14:14:17","guid":{"rendered":"https:\/\/cityspark.be\/exencion-de-responsabilidad\/"},"modified":"2026-04-02T14:35:06","modified_gmt":"2026-04-02T14:35:06","slug":"exencion-de-responsabilidad","status":"publish","type":"page","link":"https:\/\/cityspark.be\/es\/exencion-de-responsabilidad\/","title":{"rendered":"Exenci\u00f3n de responsabilidad"},"content":{"rendered":"\t\t<div data-elementor-type=\"wp-page\" data-elementor-id=\"440\" class=\"elementor elementor-440 elementor-141\">\n\t\t\t\t<div class=\"elementor-element elementor-element-yms8ty0a twbb_section e-flex e-con-boxed e-con e-parent\" data-id=\"yms8ty0a\" data-element_type=\"container\" id=\"disclaimer\">\n\t\t\t\t\t<div class=\"e-con-inner\">\n\t\t\t\t<div class=\"elementor-element elementor-element-x89gxo6z elementor-widget__width-initial elementor-widget-mobile__width-inherit elementor-widget-tablet__width-initial elementor-invisible elementor-widget elementor-widget-heading\" data-id=\"x89gxo6z\" data-element_type=\"widget\" data-settings=\"{&quot;_animation&quot;:&quot;fadeInUp&quot;}\" data-widget_type=\"heading.default\">\n\t\t\t\t\t<h2 class=\"elementor-heading-title elementor-size-default\">Exenci\u00f3n de responsabilidad<\/h2>\t\t\t\t<\/div>\n\t\t\t\t<div class=\"elementor-element elementor-element-v39flk5w elementor-widget__width-initial elementor-widget-mobile__width-inherit elementor-widget-tablet__width-initial elementor-invisible elementor-widget elementor-widget-text-editor\" data-id=\"v39flk5w\" data-element_type=\"widget\" data-settings=\"{&quot;_animation&quot;:&quot;fadeInUp&quot;}\" data-widget_type=\"text-editor.default\">\n\t\t\t\t\t\t\t\t\t\u00a1Bienvenido a CitySpark.be! Nuestra plataforma est\u00e1 dedicada a compartir informaci\u00f3n sobre el estilo de vida urbano, las tendencias actuales y las inspiraciones diarias. Por favor, lea atentamente esta cl\u00e1usula de exenci\u00f3n de responsabilidad antes de utilizar nuestro sitio web.  \t\t\t\t\t\t\t\t<\/div>\n\t\t\t\t<div class=\"elementor-element elementor-element-fvnu9pyc elementor-widget__width-initial elementor-widget-mobile__width-inherit elementor-widget-tablet__width-initial elementor-invisible elementor-widget elementor-widget-heading\" data-id=\"fvnu9pyc\" data-element_type=\"widget\" data-settings=\"{&quot;_animation&quot;:&quot;fadeInUp&quot;}\" data-widget_type=\"heading.default\">\n\t\t\t\t\t<h3 class=\"elementor-heading-title elementor-size-default\">Solo con fines informativos<\/h3>\t\t\t\t<\/div>\n\t\t\t\t<div class=\"elementor-element elementor-element-h4wg1dh8 elementor-widget__width-initial elementor-widget-mobile__width-inherit elementor-widget-tablet__width-initial elementor-invisible elementor-widget elementor-widget-text-editor\" data-id=\"h4wg1dh8\" data-element_type=\"widget\" data-settings=\"{&quot;_animation&quot;:&quot;fadeInUp&quot;}\" data-widget_type=\"text-editor.default\">\n\t\t\t\t\t\t\t\t\tEl contenido proporcionado en CitySpark.be est\u00e1 destinado \u00fanicamente a fines informativos y de inspiraci\u00f3n. Nos esforzamos por ofrecer informaci\u00f3n exacta y actualizada, pero no realizamos ninguna declaraci\u00f3n ni garant\u00eda de ning\u00fan tipo, expresa o impl\u00edcita, sobre la integridad, exactitud, fiabilidad, pertinencia o disponibilidad del sitio web o de la informaci\u00f3n, productos, servicios o gr\u00e1ficos relacionados contenidos en el sitio web, para cualquier prop\u00f3sito. Cualquier confianza que usted deposite en dicha informaci\u00f3n es, por tanto, estrictamente bajo su propio riesgo.  \t\t\t\t\t\t\t\t<\/div>\n\t\t\t\t<div class=\"elementor-element elementor-element-jiw0pyf0 elementor-widget__width-initial elementor-widget-mobile__width-inherit elementor-widget-tablet__width-initial elementor-invisible elementor-widget elementor-widget-heading\" data-id=\"jiw0pyf0\" data-element_type=\"widget\" data-settings=\"{&quot;_animation&quot;:&quot;fadeInUp&quot;}\" data-widget_type=\"heading.default\">\n\t\t\t\t\t<h3 class=\"elementor-heading-title elementor-size-default\">Sin asesoramiento profesional<\/h3>\t\t\t\t<\/div>\n\t\t\t\t<div class=\"elementor-element elementor-element-w1jlrmps elementor-widget__width-initial elementor-widget-mobile__width-inherit elementor-widget-tablet__width-initial elementor-invisible elementor-widget elementor-widget-text-editor\" data-id=\"w1jlrmps\" data-element_type=\"widget\" data-settings=\"{&quot;_animation&quot;:&quot;fadeInUp&quot;}\" data-widget_type=\"text-editor.default\">\n\t\t\t\t\t\t\t\t\tLa informaci\u00f3n proporcionada en CitySpark.be no constituye asesoramiento profesional de ning\u00fan tipo, incluidos, entre otros, asesoramiento m\u00e9dico, psicol\u00f3gico, legal, financiero u otros consejos profesionales. No debe confiar en la informaci\u00f3n contenida en este sitio web como sustituto del asesoramiento de un profesional cualificado. Consulte siempre a un profesional cualificado para obtener asesoramiento adaptado a su situaci\u00f3n particular.  \t\t\t\t\t\t\t\t<\/div>\n\t\t\t\t<div class=\"elementor-element elementor-element-keiroq2f elementor-widget__width-initial elementor-widget-mobile__width-inherit elementor-widget-tablet__width-initial elementor-invisible elementor-widget elementor-widget-heading\" data-id=\"keiroq2f\" data-element_type=\"widget\" data-settings=\"{&quot;_animation&quot;:&quot;fadeInUp&quot;}\" data-widget_type=\"heading.default\">\n\t\t\t\t\t<h3 class=\"elementor-heading-title elementor-size-default\">Enlaces externos<\/h3>\t\t\t\t<\/div>\n\t\t\t\t<div class=\"elementor-element elementor-element-6i9kwfw7 elementor-widget__width-initial elementor-widget-mobile__width-inherit elementor-widget-tablet__width-initial elementor-invisible elementor-widget elementor-widget-text-editor\" data-id=\"6i9kwfw7\" data-element_type=\"widget\" data-settings=\"{&quot;_animation&quot;:&quot;fadeInUp&quot;}\" data-widget_type=\"text-editor.default\">\n\t\t\t\t\t\t\t\t\tCitySpark.be puede contener enlaces a sitios web externos que no son controlados ni mantenidos por nosotros. No somos responsables del contenido, las pol\u00edticas de privacidad o las pr\u00e1cticas de los sitios web de terceros. La inclusi\u00f3n de cualquier enlace no implica necesariamente una recomendaci\u00f3n ni un respaldo a las opiniones expresadas en ellos.  \t\t\t\t\t\t\t\t<\/div>\n\t\t\t\t<div class=\"elementor-element elementor-element-fem7wh89 elementor-widget__width-initial elementor-widget-mobile__width-inherit elementor-widget-tablet__width-initial elementor-invisible elementor-widget elementor-widget-heading\" data-id=\"fem7wh89\" data-element_type=\"widget\" data-settings=\"{&quot;_animation&quot;:&quot;fadeInUp&quot;}\" data-widget_type=\"heading.default\">\n\t\t\t\t\t<h3 class=\"elementor-heading-title elementor-size-default\">Limitaci\u00f3n de responsabilidad<\/h3>\t\t\t\t<\/div>\n\t\t\t\t<div class=\"elementor-element elementor-element-pa2565w8 elementor-widget__width-initial elementor-widget-mobile__width-inherit elementor-widget-tablet__width-initial elementor-invisible elementor-widget elementor-widget-text-editor\" data-id=\"pa2565w8\" data-element_type=\"widget\" data-settings=\"{&quot;_animation&quot;:&quot;fadeInUp&quot;}\" data-widget_type=\"text-editor.default\">\n\t\t\t\t\t\t\t\t\tEn ning\u00fan caso CitySpark.be ser\u00e1 responsable de cualquier p\u00e9rdida o da\u00f1o, incluidos, sin limitaci\u00f3n, p\u00e9rdidas o da\u00f1os indirectos o consecuentes, o cualquier p\u00e9rdida o da\u00f1o resultante de la p\u00e9rdida de datos o de beneficios que surjan de, o en relaci\u00f3n con, el uso de este sitio web.\t\t\t\t\t\t\t\t<\/div>\n\t\t\t\t<div class=\"elementor-element elementor-element-uhva1ba0 elementor-widget__width-initial elementor-widget-mobile__width-inherit elementor-widget-tablet__width-initial elementor-invisible elementor-widget elementor-widget-heading\" data-id=\"uhva1ba0\" data-element_type=\"widget\" data-settings=\"{&quot;_animation&quot;:&quot;fadeInUp&quot;}\" data-widget_type=\"heading.default\">\n\t\t\t\t\t<h3 class=\"elementor-heading-title elementor-size-default\">Responsabilidad del usuario<\/h3>\t\t\t\t<\/div>\n\t\t\t\t<div class=\"elementor-element elementor-element-4bntm8ep elementor-widget__width-initial elementor-widget-mobile__width-inherit elementor-widget-tablet__width-initial elementor-invisible elementor-widget elementor-widget-text-editor\" data-id=\"4bntm8ep\" data-element_type=\"widget\" data-settings=\"{&quot;_animation&quot;:&quot;fadeInUp&quot;}\" data-widget_type=\"text-editor.default\">\n\t\t\t\t\t\t\t\t\tEl uso de CitySpark.be es bajo su propio riesgo. Es su responsabilidad evaluar la exactitud, integridad y utilidad de cualquier informaci\u00f3n, opini\u00f3n, consejo u otro contenido disponible en este sitio web. \t\t\t\t\t\t\t\t<\/div>\n\t\t\t\t<div class=\"elementor-element elementor-element-1h4b1p0b elementor-widget__width-initial elementor-widget-mobile__width-inherit elementor-widget-tablet__width-initial elementor-invisible elementor-widget elementor-widget-heading\" data-id=\"1h4b1p0b\" data-element_type=\"widget\" data-settings=\"{&quot;_animation&quot;:&quot;fadeInUp&quot;}\" data-widget_type=\"heading.default\">\n\t\t\t\t\t<h3 class=\"elementor-heading-title elementor-size-default\">Modificaciones de esta cl\u00e1usula de exenci\u00f3n de responsabilidad<\/h3>\t\t\t\t<\/div>\n\t\t\t\t<div class=\"elementor-element elementor-element-nzlh8w7v elementor-widget__width-initial elementor-widget-mobile__width-inherit elementor-widget-tablet__width-initial elementor-invisible elementor-widget elementor-widget-text-editor\" data-id=\"nzlh8w7v\" data-element_type=\"widget\" data-settings=\"{&quot;_animation&quot;:&quot;fadeInUp&quot;}\" data-widget_type=\"text-editor.default\">\n\t\t\t\t\t\t\t\t\tNos reservamos el derecho de modificar o actualizar esta cl\u00e1usula de exenci\u00f3n de responsabilidad en cualquier momento y sin previo aviso. El uso continuado de CitySpark.be tras cualquier modificaci\u00f3n de esta cl\u00e1usula constituir\u00e1 su aceptaci\u00f3n de dichos cambios. \t\t\t\t\t\t\t\t<\/div>\n\t\t\t\t\t<\/div>\n\t\t\t\t<\/div>\n\t\t\t\t<\/div>\n\t\t","protected":false},"excerpt":{"rendered":"<p>Exenci\u00f3n de responsabilidad \u00a1Bienvenido a CitySpark.be! Nuestra plataforma est\u00e1 dedicada a compartir informaci\u00f3n sobre el estilo de vida urbano, las tendencias actuales y las inspiraciones diarias. Por favor, lea atentamente esta cl\u00e1usula de exenci\u00f3n de responsabilidad antes de utilizar nuestro sitio web. Solo con fines informativos El contenido proporcionado en CitySpark.be est\u00e1 destinado \u00fanicamente a [&hellip;]<\/p>\n","protected":false},"author":0,"featured_media":0,"parent":0,"menu_order":0,"comment_status":"closed","ping_status":"draft","template":"","meta":{"footnotes":""},"class_list":["post-440","page","type-page","status-publish","hentry"],"yoast_head":"<!-- This site is optimized with the Yoast SEO plugin v26.9 - https:\/\/yoast.com\/product\/yoast-seo-wordpress\/ -->\n<title>Exenci\u00f3n de responsabilidad - CitySpark.be<\/title>\n<meta name=\"robots\" content=\"index, follow, max-snippet:-1, max-image-preview:large, max-video-preview:-1\" \/>\n<link rel=\"canonical\" href=\"https:\/\/cityspark.be\/es\/exencion-de-responsabilidad\/\" \/>\n<meta property=\"og:locale\" content=\"es_ES\" \/>\n<meta property=\"og:type\" content=\"article\" \/>\n<meta property=\"og:title\" content=\"Exenci\u00f3n de responsabilidad - CitySpark.be\" \/>\n<meta property=\"og:description\" content=\"Exenci\u00f3n de responsabilidad \u00a1Bienvenido a CitySpark.be! Nuestra plataforma est\u00e1 dedicada a compartir informaci\u00f3n sobre el estilo de vida urbano, las tendencias actuales y las inspiraciones diarias. Por favor, lea atentamente esta cl\u00e1usula de exenci\u00f3n de responsabilidad antes de utilizar nuestro sitio web. Solo con fines informativos El contenido proporcionado en CitySpark.be est\u00e1 destinado \u00fanicamente a [&hellip;]\" \/>\n<meta property=\"og:url\" content=\"https:\/\/cityspark.be\/es\/exencion-de-responsabilidad\/\" \/>\n<meta property=\"og:site_name\" content=\"CitySpark.be\" \/>\n<meta property=\"article:modified_time\" content=\"2026-04-02T14:35:06+00:00\" \/>\n<meta name=\"twitter:card\" content=\"summary_large_image\" \/>\n<meta name=\"twitter:label1\" content=\"Tiempo de lectura\" \/>\n\t<meta name=\"twitter:data1\" content=\"2 minutos\" \/>\n<script type=\"application\/ld+json\" class=\"yoast-schema-graph\">{\"@context\":\"https:\/\/schema.org\",\"@graph\":[{\"@type\":\"WebPage\",\"@id\":\"https:\/\/cityspark.be\/es\/exencion-de-responsabilidad\/\",\"url\":\"https:\/\/cityspark.be\/es\/exencion-de-responsabilidad\/\",\"name\":\"Exenci\u00f3n de responsabilidad - CitySpark.be\",\"isPartOf\":{\"@id\":\"https:\/\/cityspark.be\/es\/#website\"},\"datePublished\":\"2026-02-03T14:14:17+00:00\",\"dateModified\":\"2026-04-02T14:35:06+00:00\",\"breadcrumb\":{\"@id\":\"https:\/\/cityspark.be\/es\/exencion-de-responsabilidad\/#breadcrumb\"},\"inLanguage\":\"es\",\"potentialAction\":[{\"@type\":\"ReadAction\",\"target\":[\"https:\/\/cityspark.be\/es\/exencion-de-responsabilidad\/\"]}]},{\"@type\":\"BreadcrumbList\",\"@id\":\"https:\/\/cityspark.be\/es\/exencion-de-responsabilidad\/#breadcrumb\",\"itemListElement\":[{\"@type\":\"ListItem\",\"position\":1,\"name\":\"Home\",\"item\":\"https:\/\/cityspark.be\/es\/inicio\/\"},{\"@type\":\"ListItem\",\"position\":2,\"name\":\"Exenci\u00f3n de responsabilidad\"}]},{\"@type\":\"WebSite\",\"@id\":\"https:\/\/cityspark.be\/es\/#website\",\"url\":\"https:\/\/cityspark.be\/es\/\",\"name\":\"CitySpark.be\",\"description\":\"\",\"publisher\":{\"@id\":\"https:\/\/cityspark.be\/es\/#organization\"},\"potentialAction\":[{\"@type\":\"SearchAction\",\"target\":{\"@type\":\"EntryPoint\",\"urlTemplate\":\"https:\/\/cityspark.be\/es\/?s={search_term_string}\"},\"query-input\":{\"@type\":\"PropertyValueSpecification\",\"valueRequired\":true,\"valueName\":\"search_term_string\"}}],\"inLanguage\":\"es\"},{\"@type\":\"Organization\",\"@id\":\"https:\/\/cityspark.be\/es\/#organization\",\"name\":\"CitySpark.be\",\"url\":\"https:\/\/cityspark.be\/es\/\",\"logo\":{\"@type\":\"ImageObject\",\"inLanguage\":\"es\",\"@id\":\"https:\/\/cityspark.be\/es\/#\/schema\/logo\/image\/\",\"url\":\"https:\/\/cityspark.be\/wp-content\/uploads\/2026\/02\/fabianct__2D_abstract_logo_symbol_for_an_urban_lifestyle_brand._df539af6-43e6-40a2-b315-b0356e0de4d1-removebg-preview.png\",\"contentUrl\":\"https:\/\/cityspark.be\/wp-content\/uploads\/2026\/02\/fabianct__2D_abstract_logo_symbol_for_an_urban_lifestyle_brand._df539af6-43e6-40a2-b315-b0356e0de4d1-removebg-preview.png\",\"width\":500,\"height\":500,\"caption\":\"CitySpark.be\"},\"image\":{\"@id\":\"https:\/\/cityspark.be\/es\/#\/schema\/logo\/image\/\"}}]}<\/script>\n<!-- \/ Yoast SEO plugin. -->","yoast_head_json":{"title":"Exenci\u00f3n de responsabilidad - CitySpark.be","robots":{"index":"index","follow":"follow","max-snippet":"max-snippet:-1","max-image-preview":"max-image-preview:large","max-video-preview":"max-video-preview:-1"},"canonical":"https:\/\/cityspark.be\/es\/exencion-de-responsabilidad\/","og_locale":"es_ES","og_type":"article","og_title":"Exenci\u00f3n de responsabilidad - CitySpark.be","og_description":"Exenci\u00f3n de responsabilidad \u00a1Bienvenido a CitySpark.be! Nuestra plataforma est\u00e1 dedicada a compartir informaci\u00f3n sobre el estilo de vida urbano, las tendencias actuales y las inspiraciones diarias. Por favor, lea atentamente esta cl\u00e1usula de exenci\u00f3n de responsabilidad antes de utilizar nuestro sitio web. Solo con fines informativos El contenido proporcionado en CitySpark.be est\u00e1 destinado \u00fanicamente a [&hellip;]","og_url":"https:\/\/cityspark.be\/es\/exencion-de-responsabilidad\/","og_site_name":"CitySpark.be","article_modified_time":"2026-04-02T14:35:06+00:00","twitter_card":"summary_large_image","twitter_misc":{"Tiempo de lectura":"2 minutos"},"schema":{"@context":"https:\/\/schema.org","@graph":[{"@type":"WebPage","@id":"https:\/\/cityspark.be\/es\/exencion-de-responsabilidad\/","url":"https:\/\/cityspark.be\/es\/exencion-de-responsabilidad\/","name":"Exenci\u00f3n de responsabilidad - CitySpark.be","isPartOf":{"@id":"https:\/\/cityspark.be\/es\/#website"},"datePublished":"2026-02-03T14:14:17+00:00","dateModified":"2026-04-02T14:35:06+00:00","breadcrumb":{"@id":"https:\/\/cityspark.be\/es\/exencion-de-responsabilidad\/#breadcrumb"},"inLanguage":"es","potentialAction":[{"@type":"ReadAction","target":["https:\/\/cityspark.be\/es\/exencion-de-responsabilidad\/"]}]},{"@type":"BreadcrumbList","@id":"https:\/\/cityspark.be\/es\/exencion-de-responsabilidad\/#breadcrumb","itemListElement":[{"@type":"ListItem","position":1,"name":"Home","item":"https:\/\/cityspark.be\/es\/inicio\/"},{"@type":"ListItem","position":2,"name":"Exenci\u00f3n de responsabilidad"}]},{"@type":"WebSite","@id":"https:\/\/cityspark.be\/es\/#website","url":"https:\/\/cityspark.be\/es\/","name":"CitySpark.be","description":"","publisher":{"@id":"https:\/\/cityspark.be\/es\/#organization"},"potentialAction":[{"@type":"SearchAction","target":{"@type":"EntryPoint","urlTemplate":"https:\/\/cityspark.be\/es\/?s={search_term_string}"},"query-input":{"@type":"PropertyValueSpecification","valueRequired":true,"valueName":"search_term_string"}}],"inLanguage":"es"},{"@type":"Organization","@id":"https:\/\/cityspark.be\/es\/#organization","name":"CitySpark.be","url":"https:\/\/cityspark.be\/es\/","logo":{"@type":"ImageObject","inLanguage":"es","@id":"https:\/\/cityspark.be\/es\/#\/schema\/logo\/image\/","url":"https:\/\/cityspark.be\/wp-content\/uploads\/2026\/02\/fabianct__2D_abstract_logo_symbol_for_an_urban_lifestyle_brand._df539af6-43e6-40a2-b315-b0356e0de4d1-removebg-preview.png","contentUrl":"https:\/\/cityspark.be\/wp-content\/uploads\/2026\/02\/fabianct__2D_abstract_logo_symbol_for_an_urban_lifestyle_brand._df539af6-43e6-40a2-b315-b0356e0de4d1-removebg-preview.png","width":500,"height":500,"caption":"CitySpark.be"},"image":{"@id":"https:\/\/cityspark.be\/es\/#\/schema\/logo\/image\/"}}]}},"_links":{"self":[{"href":"https:\/\/cityspark.be\/es\/wp-json\/wp\/v2\/pages\/440","targetHints":{"allow":["GET"]}}],"collection":[{"href":"https:\/\/cityspark.be\/es\/wp-json\/wp\/v2\/pages"}],"about":[{"href":"https:\/\/cityspark.be\/es\/wp-json\/wp\/v2\/types\/page"}],"replies":[{"embeddable":true,"href":"https:\/\/cityspark.be\/es\/wp-json\/wp\/v2\/comments?post=440"}],"version-history":[{"count":1,"href":"https:\/\/cityspark.be\/es\/wp-json\/wp\/v2\/pages\/440\/revisions"}],"predecessor-version":[{"id":441,"href":"https:\/\/cityspark.be\/es\/wp-json\/wp\/v2\/pages\/440\/revisions\/441"}],"wp:attachment":[{"href":"https:\/\/cityspark.be\/es\/wp-json\/wp\/v2\/media?parent=440"}],"curies":[{"name":"wp","href":"https:\/\/api.w.org\/{rel}","templated":true}]}}